{"id":144,"date":"2021-07-08T23:25:30","date_gmt":"2021-07-09T02:25:30","guid":{"rendered":"https:\/\/autobateriaconcepcion.cl\/home\/?page_id=144"},"modified":"2023-02-23T18:27:26","modified_gmt":"2023-02-23T21:27:26","slug":"quienes-somos","status":"publish","type":"page","link":"https:\/\/autobateriaconcepcion.cl\/home\/quienes-somos\/","title":{"rendered":"Quienes Somos"},"content":{"rendered":"\n<p><strong>Autobater\u00eda Concepci\u00f3n<\/strong> nace en el 2021, siendo una franquicia de <strong>Autobater\u00eda Chile<\/strong>, nuestra empresa otorga soluciones en el cambio e instalaci\u00f3n de<strong> bater\u00edas <\/strong>para veh\u00edculos motorizados (Livianos, pesados, motocicletas, n\u00e1uticos e industrial) de distintos tipos y especificaciones. Todo esto pensado tanto para empresas como para particulares. <\/p>\n\n\n\n<h5 class=\"wp-block-heading\"><em><strong>Nuestro Producto<\/strong><\/em>:<\/h5>\n\n\n\n<p>Nuestro producto es la venta de bater\u00edas, la <strong>instalaci\u00f3n a domicilio<\/strong> de las mismas y un servicio post venta que garantiza la correcta instalaci\u00f3n y seguimiento del producto. Cabe se\u00f1alar que<strong> Autobater\u00eda<\/strong> se hace responsable de la eliminaci\u00f3n de la bater\u00eda usada conforme a la norma chilena de<strong> manejo de residuos peligrosos.<\/strong><\/p>\n\n\n\n<h5 class=\"wp-block-heading\"><strong><em>Nuestro servicio: <\/em><\/strong><\/h5>\n\n\n\n<p>\u2705 Despacho <\/p>\n\n\n\n<p>\u2705&nbsp;Instalaci\u00f3n <\/p>\n\n\n\n<p>\u2705 Diagn\u00f3stico <\/p>\n\n\n\n<p>\u2705 Chequeo de alternador <\/p>\n\n\n\n<p>\u2705 Chequeo de motor de partida.<\/p>\n\n\n\n<p><\/p>\n\n\n\n<p>Somos <strong><em>Autobater\u00eda Concepci\u00f3n..<\/em><\/strong>. <strong><em>Tu energ\u00eda a tiempo!<\/em><\/strong><\/p>\n","protected":false},"excerpt":{"rendered":"<p>Autobater\u00eda Concepci\u00f3n nace en el 2021, siendo una franquicia de Autobater\u00eda Chile, nuestra empresa otorga soluciones en el cambio e instalaci\u00f3n de bater\u00edas para veh\u00edculos motorizados (Livianos, pesados, motocicletas, n\u00e1uticos e industrial) de distintos tipos y especificaciones. Todo esto pensado tanto para empresas como para particulares. Nuestro Producto: Nuestro producto es la venta de bater\u00edas, &#8230; <a title=\"Quienes Somos\" class=\"read-more\" href=\"https:\/\/autobateriaconcepcion.cl\/home\/quienes-somos\/\" aria-label=\"Leer m\u00e1s sobre Quienes Somos\">Leer m\u00e1s<\/a><\/p>\n","protected":false},"author":2,"featured_media":300,"parent":0,"menu_order":0,"comment_status":"closed","ping_status":"closed","template":"","meta":{"footnotes":""},"class_list":["post-144","page","type-page","status-publish","has-post-thumbnail"],"yoast_head":"<!-- This site is optimized with the Yoast SEO plugin v27.3 - https:\/\/yoast.com\/product\/yoast-seo-wordpress\/ -->\n<title>Quienes Somos - Autobateria Concepci\u00f3n<\/title>\n<meta name=\"robots\" content=\"index, follow, max-snippet:-1, max-image-preview:large, max-video-preview:-1\" \/>\n<link rel=\"canonical\" href=\"https:\/\/autobateriaconcepcion.cl\/home\/quienes-somos\/\" \/>\n<meta property=\"og:locale\" content=\"es_ES\" \/>\n<meta property=\"og:type\" content=\"article\" \/>\n<meta property=\"og:title\" content=\"Quienes Somos - Autobateria Concepci\u00f3n\" \/>\n<meta property=\"og:description\" content=\"Autobater\u00eda Concepci\u00f3n nace en el 2021, siendo una franquicia de Autobater\u00eda Chile, nuestra empresa otorga soluciones en el cambio e instalaci\u00f3n de bater\u00edas para veh\u00edculos motorizados (Livianos, pesados, motocicletas, n\u00e1uticos e industrial) de distintos tipos y especificaciones. Todo esto pensado tanto para empresas como para particulares. Nuestro Producto: Nuestro producto es la venta de bater\u00edas, ... Leer m\u00e1s\" \/>\n<meta property=\"og:url\" content=\"https:\/\/autobateriaconcepcion.cl\/home\/quienes-somos\/\" \/>\n<meta property=\"og:site_name\" content=\"Autobateria Concepci\u00f3n\" \/>\n<meta property=\"article:publisher\" content=\"https:\/\/www.facebook.com\/autobateriaccp\" \/>\n<meta property=\"article:modified_time\" content=\"2023-02-23T21:27:26+00:00\" \/>\n<meta property=\"og:image\" content=\"https:\/\/autobateriaconcepcion.cl\/home\/wp-content\/uploads\/2022\/03\/ab-quienes-somos.jpg\" \/>\n\t<meta property=\"og:image:width\" content=\"1319\" \/>\n\t<meta property=\"og:image:height\" content=\"533\" \/>\n\t<meta property=\"og:image:type\" content=\"image\/jpeg\" \/>\n<meta name=\"twitter:card\" content=\"summary_large_image\" \/>\n<meta name=\"twitter:label1\" content=\"Tiempo de lectura\" \/>\n\t<meta name=\"twitter:data1\" content=\"1 minuto\" \/>\n<script type=\"application\/ld+json\" class=\"yoast-schema-graph\">{\"@context\":\"https:\\\/\\\/schema.org\",\"@graph\":[{\"@type\":\"WebPage\",\"@id\":\"https:\\\/\\\/autobateriaconcepcion.cl\\\/home\\\/quienes-somos\\\/\",\"url\":\"https:\\\/\\\/autobateriaconcepcion.cl\\\/home\\\/quienes-somos\\\/\",\"name\":\"Quienes Somos - Autobateria Concepci\u00f3n\",\"isPartOf\":{\"@id\":\"https:\\\/\\\/autobateriaconcepcion.cl\\\/home\\\/#website\"},\"primaryImageOfPage\":{\"@id\":\"https:\\\/\\\/autobateriaconcepcion.cl\\\/home\\\/quienes-somos\\\/#primaryimage\"},\"image\":{\"@id\":\"https:\\\/\\\/autobateriaconcepcion.cl\\\/home\\\/quienes-somos\\\/#primaryimage\"},\"thumbnailUrl\":\"https:\\\/\\\/autobateriaconcepcion.cl\\\/home\\\/wp-content\\\/uploads\\\/2022\\\/03\\\/ab-quienes-somos.jpg\",\"datePublished\":\"2021-07-09T02:25:30+00:00\",\"dateModified\":\"2023-02-23T21:27:26+00:00\",\"breadcrumb\":{\"@id\":\"https:\\\/\\\/autobateriaconcepcion.cl\\\/home\\\/quienes-somos\\\/#breadcrumb\"},\"inLanguage\":\"es\",\"potentialAction\":[{\"@type\":\"ReadAction\",\"target\":[\"https:\\\/\\\/autobateriaconcepcion.cl\\\/home\\\/quienes-somos\\\/\"]}]},{\"@type\":\"ImageObject\",\"inLanguage\":\"es\",\"@id\":\"https:\\\/\\\/autobateriaconcepcion.cl\\\/home\\\/quienes-somos\\\/#primaryimage\",\"url\":\"https:\\\/\\\/autobateriaconcepcion.cl\\\/home\\\/wp-content\\\/uploads\\\/2022\\\/03\\\/ab-quienes-somos.jpg\",\"contentUrl\":\"https:\\\/\\\/autobateriaconcepcion.cl\\\/home\\\/wp-content\\\/uploads\\\/2022\\\/03\\\/ab-quienes-somos.jpg\",\"width\":1319,\"height\":533},{\"@type\":\"BreadcrumbList\",\"@id\":\"https:\\\/\\\/autobateriaconcepcion.cl\\\/home\\\/quienes-somos\\\/#breadcrumb\",\"itemListElement\":[{\"@type\":\"ListItem\",\"position\":1,\"name\":\"Portada\",\"item\":\"https:\\\/\\\/autobateriaconcepcion.cl\\\/home\\\/\"},{\"@type\":\"ListItem\",\"position\":2,\"name\":\"Quienes Somos\"}]},{\"@type\":\"WebSite\",\"@id\":\"https:\\\/\\\/autobateriaconcepcion.cl\\\/home\\\/#website\",\"url\":\"https:\\\/\\\/autobateriaconcepcion.cl\\\/home\\\/\",\"name\":\"Autobateria Concepci\u00f3n\",\"description\":\"Bater\u00edas a domicilio en Concepci\u00f3n\",\"publisher\":{\"@id\":\"https:\\\/\\\/autobateriaconcepcion.cl\\\/home\\\/#organization\"},\"potentialAction\":[{\"@type\":\"SearchAction\",\"target\":{\"@type\":\"EntryPoint\",\"urlTemplate\":\"https:\\\/\\\/autobateriaconcepcion.cl\\\/home\\\/?s={search_term_string}\"},\"query-input\":{\"@type\":\"PropertyValueSpecification\",\"valueRequired\":true,\"valueName\":\"search_term_string\"}}],\"inLanguage\":\"es\"},{\"@type\":\"Organization\",\"@id\":\"https:\\\/\\\/autobateriaconcepcion.cl\\\/home\\\/#organization\",\"name\":\"Autobateria Concepci\u00f3n\",\"url\":\"https:\\\/\\\/autobateriaconcepcion.cl\\\/home\\\/\",\"logo\":{\"@type\":\"ImageObject\",\"inLanguage\":\"es\",\"@id\":\"https:\\\/\\\/autobateriaconcepcion.cl\\\/home\\\/#\\\/schema\\\/logo\\\/image\\\/\",\"url\":\"https:\\\/\\\/autobateriaconcepcion.cl\\\/home\\\/wp-content\\\/uploads\\\/2022\\\/03\\\/cropped-Logo-web.png\",\"contentUrl\":\"https:\\\/\\\/autobateriaconcepcion.cl\\\/home\\\/wp-content\\\/uploads\\\/2022\\\/03\\\/cropped-Logo-web.png\",\"width\":238,\"height\":131,\"caption\":\"Autobateria Concepci\u00f3n\"},\"image\":{\"@id\":\"https:\\\/\\\/autobateriaconcepcion.cl\\\/home\\\/#\\\/schema\\\/logo\\\/image\\\/\"},\"sameAs\":[\"https:\\\/\\\/www.facebook.com\\\/autobateriaccp\",\"https:\\\/\\\/www.instagram.com\\\/autobateriaccp\\\/\",\"https:\\\/\\\/wa.me\\\/56962372995\"]}]}<\/script>\n<!-- \/ Yoast SEO plugin. -->","yoast_head_json":{"title":"Quienes Somos - Autobateria Concepci\u00f3n","robots":{"index":"index","follow":"follow","max-snippet":"max-snippet:-1","max-image-preview":"max-image-preview:large","max-video-preview":"max-video-preview:-1"},"canonical":"https:\/\/autobateriaconcepcion.cl\/home\/quienes-somos\/","og_locale":"es_ES","og_type":"article","og_title":"Quienes Somos - Autobateria Concepci\u00f3n","og_description":"Autobater\u00eda Concepci\u00f3n nace en el 2021, siendo una franquicia de Autobater\u00eda Chile, nuestra empresa otorga soluciones en el cambio e instalaci\u00f3n de bater\u00edas para veh\u00edculos motorizados (Livianos, pesados, motocicletas, n\u00e1uticos e industrial) de distintos tipos y especificaciones. Todo esto pensado tanto para empresas como para particulares. Nuestro Producto: Nuestro producto es la venta de bater\u00edas, ... Leer m\u00e1s","og_url":"https:\/\/autobateriaconcepcion.cl\/home\/quienes-somos\/","og_site_name":"Autobateria Concepci\u00f3n","article_publisher":"https:\/\/www.facebook.com\/autobateriaccp","article_modified_time":"2023-02-23T21:27:26+00:00","og_image":[{"width":1319,"height":533,"url":"https:\/\/autobateriaconcepcion.cl\/home\/wp-content\/uploads\/2022\/03\/ab-quienes-somos.jpg","type":"image\/jpeg"}],"twitter_card":"summary_large_image","twitter_misc":{"Tiempo de lectura":"1 minuto"},"schema":{"@context":"https:\/\/schema.org","@graph":[{"@type":"WebPage","@id":"https:\/\/autobateriaconcepcion.cl\/home\/quienes-somos\/","url":"https:\/\/autobateriaconcepcion.cl\/home\/quienes-somos\/","name":"Quienes Somos - Autobateria Concepci\u00f3n","isPartOf":{"@id":"https:\/\/autobateriaconcepcion.cl\/home\/#website"},"primaryImageOfPage":{"@id":"https:\/\/autobateriaconcepcion.cl\/home\/quienes-somos\/#primaryimage"},"image":{"@id":"https:\/\/autobateriaconcepcion.cl\/home\/quienes-somos\/#primaryimage"},"thumbnailUrl":"https:\/\/autobateriaconcepcion.cl\/home\/wp-content\/uploads\/2022\/03\/ab-quienes-somos.jpg","datePublished":"2021-07-09T02:25:30+00:00","dateModified":"2023-02-23T21:27:26+00:00","breadcrumb":{"@id":"https:\/\/autobateriaconcepcion.cl\/home\/quienes-somos\/#breadcrumb"},"inLanguage":"es","potentialAction":[{"@type":"ReadAction","target":["https:\/\/autobateriaconcepcion.cl\/home\/quienes-somos\/"]}]},{"@type":"ImageObject","inLanguage":"es","@id":"https:\/\/autobateriaconcepcion.cl\/home\/quienes-somos\/#primaryimage","url":"https:\/\/autobateriaconcepcion.cl\/home\/wp-content\/uploads\/2022\/03\/ab-quienes-somos.jpg","contentUrl":"https:\/\/autobateriaconcepcion.cl\/home\/wp-content\/uploads\/2022\/03\/ab-quienes-somos.jpg","width":1319,"height":533},{"@type":"BreadcrumbList","@id":"https:\/\/autobateriaconcepcion.cl\/home\/quienes-somos\/#breadcrumb","itemListElement":[{"@type":"ListItem","position":1,"name":"Portada","item":"https:\/\/autobateriaconcepcion.cl\/home\/"},{"@type":"ListItem","position":2,"name":"Quienes Somos"}]},{"@type":"WebSite","@id":"https:\/\/autobateriaconcepcion.cl\/home\/#website","url":"https:\/\/autobateriaconcepcion.cl\/home\/","name":"Autobateria Concepci\u00f3n","description":"Bater\u00edas a domicilio en Concepci\u00f3n","publisher":{"@id":"https:\/\/autobateriaconcepcion.cl\/home\/#organization"},"potentialAction":[{"@type":"SearchAction","target":{"@type":"EntryPoint","urlTemplate":"https:\/\/autobateriaconcepcion.cl\/home\/?s={search_term_string}"},"query-input":{"@type":"PropertyValueSpecification","valueRequired":true,"valueName":"search_term_string"}}],"inLanguage":"es"},{"@type":"Organization","@id":"https:\/\/autobateriaconcepcion.cl\/home\/#organization","name":"Autobateria Concepci\u00f3n","url":"https:\/\/autobateriaconcepcion.cl\/home\/","logo":{"@type":"ImageObject","inLanguage":"es","@id":"https:\/\/autobateriaconcepcion.cl\/home\/#\/schema\/logo\/image\/","url":"https:\/\/autobateriaconcepcion.cl\/home\/wp-content\/uploads\/2022\/03\/cropped-Logo-web.png","contentUrl":"https:\/\/autobateriaconcepcion.cl\/home\/wp-content\/uploads\/2022\/03\/cropped-Logo-web.png","width":238,"height":131,"caption":"Autobateria Concepci\u00f3n"},"image":{"@id":"https:\/\/autobateriaconcepcion.cl\/home\/#\/schema\/logo\/image\/"},"sameAs":["https:\/\/www.facebook.com\/autobateriaccp","https:\/\/www.instagram.com\/autobateriaccp\/","https:\/\/wa.me\/56962372995"]}]}},"_links":{"self":[{"href":"https:\/\/autobateriaconcepcion.cl\/home\/wp-json\/wp\/v2\/pages\/144","targetHints":{"allow":["GET"]}}],"collection":[{"href":"https:\/\/autobateriaconcepcion.cl\/home\/wp-json\/wp\/v2\/pages"}],"about":[{"href":"https:\/\/autobateriaconcepcion.cl\/home\/wp-json\/wp\/v2\/types\/page"}],"author":[{"embeddable":true,"href":"https:\/\/autobateriaconcepcion.cl\/home\/wp-json\/wp\/v2\/users\/2"}],"replies":[{"embeddable":true,"href":"https:\/\/autobateriaconcepcion.cl\/home\/wp-json\/wp\/v2\/comments?post=144"}],"version-history":[{"count":10,"href":"https:\/\/autobateriaconcepcion.cl\/home\/wp-json\/wp\/v2\/pages\/144\/revisions"}],"predecessor-version":[{"id":960,"href":"https:\/\/autobateriaconcepcion.cl\/home\/wp-json\/wp\/v2\/pages\/144\/revisions\/960"}],"wp:featuredmedia":[{"embeddable":true,"href":"https:\/\/autobateriaconcepcion.cl\/home\/wp-json\/wp\/v2\/media\/300"}],"wp:attachment":[{"href":"https:\/\/autobateriaconcepcion.cl\/home\/wp-json\/wp\/v2\/media?parent=144"}],"curies":[{"name":"wp","href":"https:\/\/api.w.org\/{rel}","templated":true}]}}