{"id":155,"date":"2021-07-08T23:53:27","date_gmt":"2021-07-09T02:53:27","guid":{"rendered":"https:\/\/autobateriaconcepcion.cl\/home\/?page_id=155"},"modified":"2022-04-06T21:07:50","modified_gmt":"2022-04-07T00:07:50","slug":"contacto","status":"publish","type":"page","link":"https:\/\/autobateriaconcepcion.cl\/home\/contacto\/","title":{"rendered":"Contacto"},"content":{"rendered":"\n<h5 class=\"wp-block-heading\">Si desea contactarnos puede usar el siguiente formulario, o bien, enviarnos un mensaje a nuestro n\u00famero de Whatsapp <a href=\"https:\/\/wa.me\/56962372995\">+56 9 62372995<\/a>. Tambi\u00e9n puede hacerlo a trav\u00e9s de nuestros canales oficiales en redes sociales de <a href=\"https:\/\/www.facebook.com\/autobateriaccp\">Facebook<\/a> e <a href=\"https:\/\/www.instagram.com\/autobateriaccp\/\">Instagram.<\/a><\/h5>\n\n\n\n<h5 class=\"wp-block-heading\"><\/h5>\n\n\n\n<div class=\"wpcf7 no-js\" id=\"wpcf7-f158-o1\" lang=\"es-CL\" dir=\"ltr\" data-wpcf7-id=\"158\">\n<div class=\"screen-reader-response\"><p role=\"status\" aria-live=\"polite\" aria-atomic=\"true\"><\/p> <ul><\/ul><\/div>\n<form action=\"\/home\/wp-json\/wp\/v2\/pages\/155#wpcf7-f158-o1\" method=\"post\" class=\"wpcf7-form init\" aria-label=\"Formulario de contacto\" novalidate=\"novalidate\" data-status=\"init\">\n<fieldset class=\"hidden-fields-container\"><input type=\"hidden\" name=\"_wpcf7\" value=\"158\" \/><input type=\"hidden\" name=\"_wpcf7_version\" value=\"6.1.5\" \/><input type=\"hidden\" name=\"_wpcf7_locale\" value=\"es_CL\" \/><input type=\"hidden\" name=\"_wpcf7_unit_tag\" value=\"wpcf7-f158-o1\" \/><input type=\"hidden\" name=\"_wpcf7_container_post\" value=\"0\" \/><input type=\"hidden\" name=\"_wpcf7_posted_data_hash\" value=\"\" \/>\n<\/fieldset>\n<p><label> Nombre<br \/>\n<span class=\"wpcf7-form-control-wrap\" data-name=\"your-name\"><input size=\"40\" maxlength=\"400\" class=\"wpcf7-form-control wpcf7-text wpcf7-validates-as-required\" aria-required=\"true\" aria-invalid=\"false\" value=\"\" type=\"text\" name=\"your-name\" \/><\/span> <\/label>\n<\/p>\n<p><label> Email<br \/>\n<span class=\"wpcf7-form-control-wrap\" data-name=\"your-email\"><input size=\"40\" maxlength=\"400\" class=\"wpcf7-form-control wpcf7-email wpcf7-validates-as-required wpcf7-text wpcf7-validates-as-email\" aria-required=\"true\" aria-invalid=\"false\" value=\"\" type=\"email\" name=\"your-email\" \/><\/span> <\/label>\n<\/p>\n<p><label> Asunto<br \/>\n<span class=\"wpcf7-form-control-wrap\" data-name=\"your-subject\"><input size=\"40\" maxlength=\"400\" class=\"wpcf7-form-control wpcf7-text wpcf7-validates-as-required\" aria-required=\"true\" aria-invalid=\"false\" value=\"\" type=\"text\" name=\"your-subject\" \/><\/span> <\/label>\n<\/p>\n<p><label> Mensaje<br \/>\n<span class=\"wpcf7-form-control-wrap\" data-name=\"your-message\"><textarea cols=\"40\" rows=\"10\" maxlength=\"2000\" class=\"wpcf7-form-control wpcf7-textarea\" aria-invalid=\"false\" name=\"your-message\"><\/textarea><\/span> <\/label>\n<\/p>\n<p><input class=\"wpcf7-form-control wpcf7-submit has-spinner\" type=\"submit\" value=\"Enviar\" \/>\n<\/p><p style=\"display: none !important;\" class=\"akismet-fields-container\" data-prefix=\"_wpcf7_ak_\"><label>&#916;<textarea name=\"_wpcf7_ak_hp_textarea\" cols=\"45\" rows=\"8\" maxlength=\"100\"><\/textarea><\/label><input type=\"hidden\" id=\"ak_js_1\" name=\"_wpcf7_ak_js\" value=\"49\"\/><script>document.getElementById( \"ak_js_1\" ).setAttribute( \"value\", ( new Date() ).getTime() );<\/script><\/p><div class=\"wpcf7-response-output\" aria-hidden=\"true\"><\/div>\n<\/form>\n<\/div>\n\n\n\n\n<p><\/p>\n","protected":false},"excerpt":{"rendered":"<p>Si desea contactarnos puede usar el siguiente formulario, o bien, enviarnos un mensaje a nuestro n\u00famero de Whatsapp +56 9 62372995. Tambi\u00e9n puede hacerlo a trav\u00e9s de nuestros canales oficiales en redes sociales de Facebook e Instagram.<\/p>\n","protected":false},"author":2,"featured_media":0,"parent":0,"menu_order":0,"comment_status":"closed","ping_status":"closed","template":"","meta":{"footnotes":""},"class_list":["post-155","page","type-page","status-publish"],"yoast_head":"<!-- This site is optimized with the Yoast SEO plugin v27.3 - https:\/\/yoast.com\/product\/yoast-seo-wordpress\/ -->\n<title>Contacto - Autobateria Concepci\u00f3n<\/title>\n<meta name=\"robots\" content=\"index, follow, max-snippet:-1, max-image-preview:large, max-video-preview:-1\" \/>\n<link rel=\"canonical\" href=\"https:\/\/autobateriaconcepcion.cl\/home\/contacto\/\" \/>\n<meta property=\"og:locale\" content=\"es_ES\" \/>\n<meta property=\"og:type\" content=\"article\" \/>\n<meta property=\"og:title\" content=\"Contacto - Autobateria Concepci\u00f3n\" \/>\n<meta property=\"og:description\" content=\"Si desea contactarnos puede usar el siguiente formulario, o bien, enviarnos un mensaje a nuestro n\u00famero de Whatsapp +56 9 62372995. Tambi\u00e9n puede hacerlo a trav\u00e9s de nuestros canales oficiales en redes sociales de Facebook e Instagram.\" \/>\n<meta property=\"og:url\" content=\"https:\/\/autobateriaconcepcion.cl\/home\/contacto\/\" \/>\n<meta property=\"og:site_name\" content=\"Autobateria Concepci\u00f3n\" \/>\n<meta property=\"article:publisher\" content=\"https:\/\/www.facebook.com\/autobateriaccp\" \/>\n<meta property=\"article:modified_time\" content=\"2022-04-07T00:07:50+00:00\" \/>\n<meta name=\"twitter:card\" content=\"summary_large_image\" \/>\n<script type=\"application\/ld+json\" class=\"yoast-schema-graph\">{\"@context\":\"https:\\\/\\\/schema.org\",\"@graph\":[{\"@type\":\"WebPage\",\"@id\":\"https:\\\/\\\/autobateriaconcepcion.cl\\\/home\\\/contacto\\\/\",\"url\":\"https:\\\/\\\/autobateriaconcepcion.cl\\\/home\\\/contacto\\\/\",\"name\":\"Contacto - Autobateria Concepci\u00f3n\",\"isPartOf\":{\"@id\":\"https:\\\/\\\/autobateriaconcepcion.cl\\\/home\\\/#website\"},\"datePublished\":\"2021-07-09T02:53:27+00:00\",\"dateModified\":\"2022-04-07T00:07:50+00:00\",\"breadcrumb\":{\"@id\":\"https:\\\/\\\/autobateriaconcepcion.cl\\\/home\\\/contacto\\\/#breadcrumb\"},\"inLanguage\":\"es\",\"potentialAction\":[{\"@type\":\"ReadAction\",\"target\":[\"https:\\\/\\\/autobateriaconcepcion.cl\\\/home\\\/contacto\\\/\"]}]},{\"@type\":\"BreadcrumbList\",\"@id\":\"https:\\\/\\\/autobateriaconcepcion.cl\\\/home\\\/contacto\\\/#breadcrumb\",\"itemListElement\":[{\"@type\":\"ListItem\",\"position\":1,\"name\":\"Portada\",\"item\":\"https:\\\/\\\/autobateriaconcepcion.cl\\\/home\\\/\"},{\"@type\":\"ListItem\",\"position\":2,\"name\":\"Contacto\"}]},{\"@type\":\"WebSite\",\"@id\":\"https:\\\/\\\/autobateriaconcepcion.cl\\\/home\\\/#website\",\"url\":\"https:\\\/\\\/autobateriaconcepcion.cl\\\/home\\\/\",\"name\":\"Autobateria Concepci\u00f3n\",\"description\":\"Bater\u00edas a domicilio en Concepci\u00f3n\",\"publisher\":{\"@id\":\"https:\\\/\\\/autobateriaconcepcion.cl\\\/home\\\/#organization\"},\"potentialAction\":[{\"@type\":\"SearchAction\",\"target\":{\"@type\":\"EntryPoint\",\"urlTemplate\":\"https:\\\/\\\/autobateriaconcepcion.cl\\\/home\\\/?s={search_term_string}\"},\"query-input\":{\"@type\":\"PropertyValueSpecification\",\"valueRequired\":true,\"valueName\":\"search_term_string\"}}],\"inLanguage\":\"es\"},{\"@type\":\"Organization\",\"@id\":\"https:\\\/\\\/autobateriaconcepcion.cl\\\/home\\\/#organization\",\"name\":\"Autobateria Concepci\u00f3n\",\"url\":\"https:\\\/\\\/autobateriaconcepcion.cl\\\/home\\\/\",\"logo\":{\"@type\":\"ImageObject\",\"inLanguage\":\"es\",\"@id\":\"https:\\\/\\\/autobateriaconcepcion.cl\\\/home\\\/#\\\/schema\\\/logo\\\/image\\\/\",\"url\":\"https:\\\/\\\/autobateriaconcepcion.cl\\\/home\\\/wp-content\\\/uploads\\\/2022\\\/03\\\/cropped-Logo-web.png\",\"contentUrl\":\"https:\\\/\\\/autobateriaconcepcion.cl\\\/home\\\/wp-content\\\/uploads\\\/2022\\\/03\\\/cropped-Logo-web.png\",\"width\":238,\"height\":131,\"caption\":\"Autobateria Concepci\u00f3n\"},\"image\":{\"@id\":\"https:\\\/\\\/autobateriaconcepcion.cl\\\/home\\\/#\\\/schema\\\/logo\\\/image\\\/\"},\"sameAs\":[\"https:\\\/\\\/www.facebook.com\\\/autobateriaccp\",\"https:\\\/\\\/www.instagram.com\\\/autobateriaccp\\\/\",\"https:\\\/\\\/wa.me\\\/56962372995\"]}]}<\/script>\n<!-- \/ Yoast SEO plugin. -->","yoast_head_json":{"title":"Contacto - Autobateria Concepci\u00f3n","robots":{"index":"index","follow":"follow","max-snippet":"max-snippet:-1","max-image-preview":"max-image-preview:large","max-video-preview":"max-video-preview:-1"},"canonical":"https:\/\/autobateriaconcepcion.cl\/home\/contacto\/","og_locale":"es_ES","og_type":"article","og_title":"Contacto - Autobateria Concepci\u00f3n","og_description":"Si desea contactarnos puede usar el siguiente formulario, o bien, enviarnos un mensaje a nuestro n\u00famero de Whatsapp +56 9 62372995. Tambi\u00e9n puede hacerlo a trav\u00e9s de nuestros canales oficiales en redes sociales de Facebook e Instagram.","og_url":"https:\/\/autobateriaconcepcion.cl\/home\/contacto\/","og_site_name":"Autobateria Concepci\u00f3n","article_publisher":"https:\/\/www.facebook.com\/autobateriaccp","article_modified_time":"2022-04-07T00:07:50+00:00","twitter_card":"summary_large_image","schema":{"@context":"https:\/\/schema.org","@graph":[{"@type":"WebPage","@id":"https:\/\/autobateriaconcepcion.cl\/home\/contacto\/","url":"https:\/\/autobateriaconcepcion.cl\/home\/contacto\/","name":"Contacto - Autobateria Concepci\u00f3n","isPartOf":{"@id":"https:\/\/autobateriaconcepcion.cl\/home\/#website"},"datePublished":"2021-07-09T02:53:27+00:00","dateModified":"2022-04-07T00:07:50+00:00","breadcrumb":{"@id":"https:\/\/autobateriaconcepcion.cl\/home\/contacto\/#breadcrumb"},"inLanguage":"es","potentialAction":[{"@type":"ReadAction","target":["https:\/\/autobateriaconcepcion.cl\/home\/contacto\/"]}]},{"@type":"BreadcrumbList","@id":"https:\/\/autobateriaconcepcion.cl\/home\/contacto\/#breadcrumb","itemListElement":[{"@type":"ListItem","position":1,"name":"Portada","item":"https:\/\/autobateriaconcepcion.cl\/home\/"},{"@type":"ListItem","position":2,"name":"Contacto"}]},{"@type":"WebSite","@id":"https:\/\/autobateriaconcepcion.cl\/home\/#website","url":"https:\/\/autobateriaconcepcion.cl\/home\/","name":"Autobateria Concepci\u00f3n","description":"Bater\u00edas a domicilio en Concepci\u00f3n","publisher":{"@id":"https:\/\/autobateriaconcepcion.cl\/home\/#organization"},"potentialAction":[{"@type":"SearchAction","target":{"@type":"EntryPoint","urlTemplate":"https:\/\/autobateriaconcepcion.cl\/home\/?s={search_term_string}"},"query-input":{"@type":"PropertyValueSpecification","valueRequired":true,"valueName":"search_term_string"}}],"inLanguage":"es"},{"@type":"Organization","@id":"https:\/\/autobateriaconcepcion.cl\/home\/#organization","name":"Autobateria Concepci\u00f3n","url":"https:\/\/autobateriaconcepcion.cl\/home\/","logo":{"@type":"ImageObject","inLanguage":"es","@id":"https:\/\/autobateriaconcepcion.cl\/home\/#\/schema\/logo\/image\/","url":"https:\/\/autobateriaconcepcion.cl\/home\/wp-content\/uploads\/2022\/03\/cropped-Logo-web.png","contentUrl":"https:\/\/autobateriaconcepcion.cl\/home\/wp-content\/uploads\/2022\/03\/cropped-Logo-web.png","width":238,"height":131,"caption":"Autobateria Concepci\u00f3n"},"image":{"@id":"https:\/\/autobateriaconcepcion.cl\/home\/#\/schema\/logo\/image\/"},"sameAs":["https:\/\/www.facebook.com\/autobateriaccp","https:\/\/www.instagram.com\/autobateriaccp\/","https:\/\/wa.me\/56962372995"]}]}},"_links":{"self":[{"href":"https:\/\/autobateriaconcepcion.cl\/home\/wp-json\/wp\/v2\/pages\/155","targetHints":{"allow":["GET"]}}],"collection":[{"href":"https:\/\/autobateriaconcepcion.cl\/home\/wp-json\/wp\/v2\/pages"}],"about":[{"href":"https:\/\/autobateriaconcepcion.cl\/home\/wp-json\/wp\/v2\/types\/page"}],"author":[{"embeddable":true,"href":"https:\/\/autobateriaconcepcion.cl\/home\/wp-json\/wp\/v2\/users\/2"}],"replies":[{"embeddable":true,"href":"https:\/\/autobateriaconcepcion.cl\/home\/wp-json\/wp\/v2\/comments?post=155"}],"version-history":[{"count":7,"href":"https:\/\/autobateriaconcepcion.cl\/home\/wp-json\/wp\/v2\/pages\/155\/revisions"}],"predecessor-version":[{"id":659,"href":"https:\/\/autobateriaconcepcion.cl\/home\/wp-json\/wp\/v2\/pages\/155\/revisions\/659"}],"wp:attachment":[{"href":"https:\/\/autobateriaconcepcion.cl\/home\/wp-json\/wp\/v2\/media?parent=155"}],"curies":[{"name":"wp","href":"https:\/\/api.w.org\/{rel}","templated":true}]}}