{"id":996,"date":"2023-02-28T21:06:13","date_gmt":"2023-03-01T00:06:13","guid":{"rendered":"https:\/\/autobateriaconcepcion.cl\/home\/?page_id=996"},"modified":"2023-02-28T21:06:14","modified_gmt":"2023-03-01T00:06:14","slug":"suscribase-a-nuestro-newsletter","status":"publish","type":"page","link":"https:\/\/autobateriaconcepcion.cl\/home\/suscribase-a-nuestro-newsletter\/","title":{"rendered":"Suscr\u00edbase a nuestro newsletter"},"content":{"rendered":"\n<p>Y reciba las principales ofertas de nuestras bater\u00edas con despacho en Concepci\u00f3n y las \u00faltimas novedades de Autobater\u00eda Concepci\u00f3n.<\/p>\n\n\n\n<!-- Begin Mailchimp Signup Form -->\n<link href=\"\/\/cdn-images.mailchimp.com\/embedcode\/classic-071822.css\" rel=\"stylesheet\" type=\"text\/css\">\n<style type=\"text\/css\">\n\t#mc_embed_signup{background:#fff; clear:left; font:14px Helvetica,Arial,sans-serif;  width:600px;}\n\t\/* Add your own Mailchimp form style overrides in your site stylesheet or in this style block.\n\t   We recommend moving this block and the preceding CSS link to the HEAD of your HTML file. *\/\n<\/style>\n<div id=\"mc_embed_signup\">\n    <form action=\"https:\/\/autobateriaconcepcion.us13.list-manage.com\/subscribe\/post?u=ab944d12725ba37c415997662&amp;id=235dc04c16&amp;f_id=00e297e2f0\" method=\"post\" id=\"mc-embedded-subscribe-form\" name=\"mc-embedded-subscribe-form\" class=\"validate\" target=\"_blank\" novalidate>\n        <div id=\"mc_embed_signup_scroll\">\n        <h2><\/h2>\n        <div class=\"indicates-required\"><span class=\"asterisk\">*<\/span> indicates required<\/div>\n<div class=\"mc-field-group\">\n\t<label for=\"mce-EMAIL\">Email Address  <span class=\"asterisk\">*<\/span>\n<\/label>\n\t<input type=\"email\" value=\"\" name=\"EMAIL\" class=\"required email\" id=\"mce-EMAIL\" required>\n\t<span id=\"mce-EMAIL-HELPERTEXT\" class=\"helper_text\"><\/span>\n<\/div>\n\t<div id=\"mce-responses\" class=\"clear foot\">\n\t\t<div class=\"response\" id=\"mce-error-response\" style=\"display:none\"><\/div>\n\t\t<div class=\"response\" id=\"mce-success-response\" style=\"display:none\"><\/div>\n\t<\/div>    <!-- real people should not fill this in and expect good things - do not remove this or risk form bot signups-->\n    <div style=\"position: absolute; left: -5000px;\" aria-hidden=\"true\"><input type=\"text\" name=\"b_ab944d12725ba37c415997662_235dc04c16\" tabindex=\"-1\" value=\"\"><\/div>\n        <div class=\"optionalParent\">\n            <div class=\"clear foot\">\n                <input type=\"submit\" value=\"Subscribe\" name=\"subscribe\" id=\"mc-embedded-subscribe\" class=\"button\">\n                <p class=\"brandingLogo\"><a href=\"http:\/\/eepurl.com\/ilQka-\" title=\"Mailchimp - email marketing made easy and fun\"><img decoding=\"async\" src=\"https:\/\/eep.io\/mc-cdn-images\/template_images\/branding_logo_text_dark_dtp.svg\"><\/a><\/p>\n            <\/div>\n        <\/div>\n    <\/div>\n<\/form>\n<\/div>\n<script type='text\/javascript' src='\/\/s3.amazonaws.com\/downloads.mailchimp.com\/js\/mc-validate.js'><\/script><script type='text\/javascript'>(function($) {window.fnames = new Array(); window.ftypes = new Array();fnames[0]='EMAIL';ftypes[0]='email';fnames[1]='FNAME';ftypes[1]='text';fnames[2]='LNAME';ftypes[2]='text';fnames[3]='ADDRESS';ftypes[3]='address';fnames[4]='PHONE';ftypes[4]='phone';fnames[5]='BIRTHDAY';ftypes[5]='birthday';}(jQuery));var $mcj = jQuery.noConflict(true);<\/script>\n<!--End mc_embed_signup-->\n","protected":false},"excerpt":{"rendered":"<p>Y reciba las principales ofertas de nuestras bater\u00edas con despacho en Concepci\u00f3n y las \u00faltimas novedades de Autobater\u00eda Concepci\u00f3n. * indicates required Email Address *<\/p>\n","protected":false},"author":2,"featured_media":370,"parent":0,"menu_order":0,"comment_status":"closed","ping_status":"closed","template":"","meta":{"footnotes":""},"class_list":["post-996","page","type-page","status-publish","has-post-thumbnail"],"yoast_head":"<!-- This site is optimized with the Yoast SEO plugin v27.3 - https:\/\/yoast.com\/product\/yoast-seo-wordpress\/ -->\n<title>Suscr\u00edbase a nuestro newsletter - Autobateria Concepci\u00f3n<\/title>\n<meta name=\"description\" content=\"Y reciba las principales ofertas de nuestras bater\u00edas con despacho en Concepci\u00f3n y las \u00faltimas novedades de Autobater\u00eda Concepci\u00f3n.\" \/>\n<meta name=\"robots\" content=\"index, follow, max-snippet:-1, max-image-preview:large, max-video-preview:-1\" \/>\n<link rel=\"canonical\" href=\"https:\/\/autobateriaconcepcion.cl\/home\/suscribase-a-nuestro-newsletter\/\" \/>\n<meta property=\"og:locale\" content=\"es_ES\" \/>\n<meta property=\"og:type\" content=\"article\" \/>\n<meta property=\"og:title\" content=\"Suscr\u00edbase a nuestro newsletter - Autobateria Concepci\u00f3n\" \/>\n<meta property=\"og:description\" content=\"Y reciba las principales ofertas de nuestras bater\u00edas con despacho en Concepci\u00f3n y las \u00faltimas novedades de Autobater\u00eda Concepci\u00f3n.\" \/>\n<meta property=\"og:url\" content=\"https:\/\/autobateriaconcepcion.cl\/home\/suscribase-a-nuestro-newsletter\/\" \/>\n<meta property=\"og:site_name\" content=\"Autobateria Concepci\u00f3n\" \/>\n<meta property=\"article:publisher\" content=\"https:\/\/www.facebook.com\/autobateriaccp\" \/>\n<meta property=\"article:modified_time\" content=\"2023-03-01T00:06:14+00:00\" \/>\n<meta property=\"og:image\" content=\"https:\/\/autobateriaconcepcion.cl\/home\/wp-content\/uploads\/2022\/03\/otrosproductos.jpg\" \/>\n\t<meta property=\"og:image:width\" content=\"780\" \/>\n\t<meta property=\"og:image:height\" content=\"470\" \/>\n\t<meta property=\"og:image:type\" content=\"image\/jpeg\" \/>\n<meta name=\"twitter:card\" content=\"summary_large_image\" \/>\n<meta name=\"twitter:label1\" content=\"Tiempo de lectura\" \/>\n\t<meta name=\"twitter:data1\" content=\"1 minuto\" \/>\n<script type=\"application\/ld+json\" class=\"yoast-schema-graph\">{\"@context\":\"https:\\\/\\\/schema.org\",\"@graph\":[{\"@type\":\"WebPage\",\"@id\":\"https:\\\/\\\/autobateriaconcepcion.cl\\\/home\\\/suscribase-a-nuestro-newsletter\\\/\",\"url\":\"https:\\\/\\\/autobateriaconcepcion.cl\\\/home\\\/suscribase-a-nuestro-newsletter\\\/\",\"name\":\"Suscr\u00edbase a nuestro newsletter - Autobateria Concepci\u00f3n\",\"isPartOf\":{\"@id\":\"https:\\\/\\\/autobateriaconcepcion.cl\\\/home\\\/#website\"},\"primaryImageOfPage\":{\"@id\":\"https:\\\/\\\/autobateriaconcepcion.cl\\\/home\\\/suscribase-a-nuestro-newsletter\\\/#primaryimage\"},\"image\":{\"@id\":\"https:\\\/\\\/autobateriaconcepcion.cl\\\/home\\\/suscribase-a-nuestro-newsletter\\\/#primaryimage\"},\"thumbnailUrl\":\"https:\\\/\\\/autobateriaconcepcion.cl\\\/home\\\/wp-content\\\/uploads\\\/2022\\\/03\\\/otrosproductos.jpg\",\"datePublished\":\"2023-03-01T00:06:13+00:00\",\"dateModified\":\"2023-03-01T00:06:14+00:00\",\"description\":\"Y reciba las principales ofertas de nuestras bater\u00edas con despacho en Concepci\u00f3n y las \u00faltimas novedades de Autobater\u00eda Concepci\u00f3n.\",\"breadcrumb\":{\"@id\":\"https:\\\/\\\/autobateriaconcepcion.cl\\\/home\\\/suscribase-a-nuestro-newsletter\\\/#breadcrumb\"},\"inLanguage\":\"es\",\"potentialAction\":[{\"@type\":\"ReadAction\",\"target\":[\"https:\\\/\\\/autobateriaconcepcion.cl\\\/home\\\/suscribase-a-nuestro-newsletter\\\/\"]}]},{\"@type\":\"ImageObject\",\"inLanguage\":\"es\",\"@id\":\"https:\\\/\\\/autobateriaconcepcion.cl\\\/home\\\/suscribase-a-nuestro-newsletter\\\/#primaryimage\",\"url\":\"https:\\\/\\\/autobateriaconcepcion.cl\\\/home\\\/wp-content\\\/uploads\\\/2022\\\/03\\\/otrosproductos.jpg\",\"contentUrl\":\"https:\\\/\\\/autobateriaconcepcion.cl\\\/home\\\/wp-content\\\/uploads\\\/2022\\\/03\\\/otrosproductos.jpg\",\"width\":780,\"height\":470},{\"@type\":\"BreadcrumbList\",\"@id\":\"https:\\\/\\\/autobateriaconcepcion.cl\\\/home\\\/suscribase-a-nuestro-newsletter\\\/#breadcrumb\",\"itemListElement\":[{\"@type\":\"ListItem\",\"position\":1,\"name\":\"Portada\",\"item\":\"https:\\\/\\\/autobateriaconcepcion.cl\\\/home\\\/\"},{\"@type\":\"ListItem\",\"position\":2,\"name\":\"Suscr\u00edbase a nuestro newsletter\"}]},{\"@type\":\"WebSite\",\"@id\":\"https:\\\/\\\/autobateriaconcepcion.cl\\\/home\\\/#website\",\"url\":\"https:\\\/\\\/autobateriaconcepcion.cl\\\/home\\\/\",\"name\":\"Autobateria Concepci\u00f3n\",\"description\":\"Bater\u00edas a domicilio en Concepci\u00f3n\",\"publisher\":{\"@id\":\"https:\\\/\\\/autobateriaconcepcion.cl\\\/home\\\/#organization\"},\"potentialAction\":[{\"@type\":\"SearchAction\",\"target\":{\"@type\":\"EntryPoint\",\"urlTemplate\":\"https:\\\/\\\/autobateriaconcepcion.cl\\\/home\\\/?s={search_term_string}\"},\"query-input\":{\"@type\":\"PropertyValueSpecification\",\"valueRequired\":true,\"valueName\":\"search_term_string\"}}],\"inLanguage\":\"es\"},{\"@type\":\"Organization\",\"@id\":\"https:\\\/\\\/autobateriaconcepcion.cl\\\/home\\\/#organization\",\"name\":\"Autobateria Concepci\u00f3n\",\"url\":\"https:\\\/\\\/autobateriaconcepcion.cl\\\/home\\\/\",\"logo\":{\"@type\":\"ImageObject\",\"inLanguage\":\"es\",\"@id\":\"https:\\\/\\\/autobateriaconcepcion.cl\\\/home\\\/#\\\/schema\\\/logo\\\/image\\\/\",\"url\":\"https:\\\/\\\/autobateriaconcepcion.cl\\\/home\\\/wp-content\\\/uploads\\\/2022\\\/03\\\/cropped-Logo-web.png\",\"contentUrl\":\"https:\\\/\\\/autobateriaconcepcion.cl\\\/home\\\/wp-content\\\/uploads\\\/2022\\\/03\\\/cropped-Logo-web.png\",\"width\":238,\"height\":131,\"caption\":\"Autobateria Concepci\u00f3n\"},\"image\":{\"@id\":\"https:\\\/\\\/autobateriaconcepcion.cl\\\/home\\\/#\\\/schema\\\/logo\\\/image\\\/\"},\"sameAs\":[\"https:\\\/\\\/www.facebook.com\\\/autobateriaccp\",\"https:\\\/\\\/www.instagram.com\\\/autobateriaccp\\\/\",\"https:\\\/\\\/wa.me\\\/56962372995\"]}]}<\/script>\n<!-- \/ Yoast SEO plugin. -->","yoast_head_json":{"title":"Suscr\u00edbase a nuestro newsletter - Autobateria Concepci\u00f3n","description":"Y reciba las principales ofertas de nuestras bater\u00edas con despacho en Concepci\u00f3n y las \u00faltimas novedades de Autobater\u00eda Concepci\u00f3n.","robots":{"index":"index","follow":"follow","max-snippet":"max-snippet:-1","max-image-preview":"max-image-preview:large","max-video-preview":"max-video-preview:-1"},"canonical":"https:\/\/autobateriaconcepcion.cl\/home\/suscribase-a-nuestro-newsletter\/","og_locale":"es_ES","og_type":"article","og_title":"Suscr\u00edbase a nuestro newsletter - Autobateria Concepci\u00f3n","og_description":"Y reciba las principales ofertas de nuestras bater\u00edas con despacho en Concepci\u00f3n y las \u00faltimas novedades de Autobater\u00eda Concepci\u00f3n.","og_url":"https:\/\/autobateriaconcepcion.cl\/home\/suscribase-a-nuestro-newsletter\/","og_site_name":"Autobateria Concepci\u00f3n","article_publisher":"https:\/\/www.facebook.com\/autobateriaccp","article_modified_time":"2023-03-01T00:06:14+00:00","og_image":[{"width":780,"height":470,"url":"https:\/\/autobateriaconcepcion.cl\/home\/wp-content\/uploads\/2022\/03\/otrosproductos.jpg","type":"image\/jpeg"}],"twitter_card":"summary_large_image","twitter_misc":{"Tiempo de lectura":"1 minuto"},"schema":{"@context":"https:\/\/schema.org","@graph":[{"@type":"WebPage","@id":"https:\/\/autobateriaconcepcion.cl\/home\/suscribase-a-nuestro-newsletter\/","url":"https:\/\/autobateriaconcepcion.cl\/home\/suscribase-a-nuestro-newsletter\/","name":"Suscr\u00edbase a nuestro newsletter - Autobateria Concepci\u00f3n","isPartOf":{"@id":"https:\/\/autobateriaconcepcion.cl\/home\/#website"},"primaryImageOfPage":{"@id":"https:\/\/autobateriaconcepcion.cl\/home\/suscribase-a-nuestro-newsletter\/#primaryimage"},"image":{"@id":"https:\/\/autobateriaconcepcion.cl\/home\/suscribase-a-nuestro-newsletter\/#primaryimage"},"thumbnailUrl":"https:\/\/autobateriaconcepcion.cl\/home\/wp-content\/uploads\/2022\/03\/otrosproductos.jpg","datePublished":"2023-03-01T00:06:13+00:00","dateModified":"2023-03-01T00:06:14+00:00","description":"Y reciba las principales ofertas de nuestras bater\u00edas con despacho en Concepci\u00f3n y las \u00faltimas novedades de Autobater\u00eda Concepci\u00f3n.","breadcrumb":{"@id":"https:\/\/autobateriaconcepcion.cl\/home\/suscribase-a-nuestro-newsletter\/#breadcrumb"},"inLanguage":"es","potentialAction":[{"@type":"ReadAction","target":["https:\/\/autobateriaconcepcion.cl\/home\/suscribase-a-nuestro-newsletter\/"]}]},{"@type":"ImageObject","inLanguage":"es","@id":"https:\/\/autobateriaconcepcion.cl\/home\/suscribase-a-nuestro-newsletter\/#primaryimage","url":"https:\/\/autobateriaconcepcion.cl\/home\/wp-content\/uploads\/2022\/03\/otrosproductos.jpg","contentUrl":"https:\/\/autobateriaconcepcion.cl\/home\/wp-content\/uploads\/2022\/03\/otrosproductos.jpg","width":780,"height":470},{"@type":"BreadcrumbList","@id":"https:\/\/autobateriaconcepcion.cl\/home\/suscribase-a-nuestro-newsletter\/#breadcrumb","itemListElement":[{"@type":"ListItem","position":1,"name":"Portada","item":"https:\/\/autobateriaconcepcion.cl\/home\/"},{"@type":"ListItem","position":2,"name":"Suscr\u00edbase a nuestro newsletter"}]},{"@type":"WebSite","@id":"https:\/\/autobateriaconcepcion.cl\/home\/#website","url":"https:\/\/autobateriaconcepcion.cl\/home\/","name":"Autobateria Concepci\u00f3n","description":"Bater\u00edas a domicilio en Concepci\u00f3n","publisher":{"@id":"https:\/\/autobateriaconcepcion.cl\/home\/#organization"},"potentialAction":[{"@type":"SearchAction","target":{"@type":"EntryPoint","urlTemplate":"https:\/\/autobateriaconcepcion.cl\/home\/?s={search_term_string}"},"query-input":{"@type":"PropertyValueSpecification","valueRequired":true,"valueName":"search_term_string"}}],"inLanguage":"es"},{"@type":"Organization","@id":"https:\/\/autobateriaconcepcion.cl\/home\/#organization","name":"Autobateria Concepci\u00f3n","url":"https:\/\/autobateriaconcepcion.cl\/home\/","logo":{"@type":"ImageObject","inLanguage":"es","@id":"https:\/\/autobateriaconcepcion.cl\/home\/#\/schema\/logo\/image\/","url":"https:\/\/autobateriaconcepcion.cl\/home\/wp-content\/uploads\/2022\/03\/cropped-Logo-web.png","contentUrl":"https:\/\/autobateriaconcepcion.cl\/home\/wp-content\/uploads\/2022\/03\/cropped-Logo-web.png","width":238,"height":131,"caption":"Autobateria Concepci\u00f3n"},"image":{"@id":"https:\/\/autobateriaconcepcion.cl\/home\/#\/schema\/logo\/image\/"},"sameAs":["https:\/\/www.facebook.com\/autobateriaccp","https:\/\/www.instagram.com\/autobateriaccp\/","https:\/\/wa.me\/56962372995"]}]}},"_links":{"self":[{"href":"https:\/\/autobateriaconcepcion.cl\/home\/wp-json\/wp\/v2\/pages\/996","targetHints":{"allow":["GET"]}}],"collection":[{"href":"https:\/\/autobateriaconcepcion.cl\/home\/wp-json\/wp\/v2\/pages"}],"about":[{"href":"https:\/\/autobateriaconcepcion.cl\/home\/wp-json\/wp\/v2\/types\/page"}],"author":[{"embeddable":true,"href":"https:\/\/autobateriaconcepcion.cl\/home\/wp-json\/wp\/v2\/users\/2"}],"replies":[{"embeddable":true,"href":"https:\/\/autobateriaconcepcion.cl\/home\/wp-json\/wp\/v2\/comments?post=996"}],"version-history":[{"count":1,"href":"https:\/\/autobateriaconcepcion.cl\/home\/wp-json\/wp\/v2\/pages\/996\/revisions"}],"predecessor-version":[{"id":997,"href":"https:\/\/autobateriaconcepcion.cl\/home\/wp-json\/wp\/v2\/pages\/996\/revisions\/997"}],"wp:featuredmedia":[{"embeddable":true,"href":"https:\/\/autobateriaconcepcion.cl\/home\/wp-json\/wp\/v2\/media\/370"}],"wp:attachment":[{"href":"https:\/\/autobateriaconcepcion.cl\/home\/wp-json\/wp\/v2\/media?parent=996"}],"curies":[{"name":"wp","href":"https:\/\/api.w.org\/{rel}","templated":true}]}}